{"id":36,"date":"2016-12-11T12:59:30","date_gmt":"2016-12-11T11:59:30","guid":{"rendered":"http:\/\/dane-spirytova.cz\/?page_id=36"},"modified":"2020-09-28T08:51:12","modified_gmt":"2020-09-28T06:51:12","slug":"index","status":"publish","type":"page","link":"https:\/\/dane-spirytova.cz\/","title":{"rendered":"Index"},"content":{"rendered":"<p>[et_pb_section admin_label=&#8220;section&#8220; background_color=&#8220;#132c47&#8243; inner_shadow=&#8220;off&#8220; parallax=&#8220;on&#8220;][et_pb_row admin_label=&#8220;row&#8220;][et_pb_column type=&#8220;4_4&#8243;][et_pb_divider admin_label=&#8220;Divider&#8220; color=&#8220;#ffffff&#8220; show_divider=&#8220;off&#8220; height=&#8220;60&#8243;]<\/p>\n<p>&nbsp;<\/p>\n<p>[\/et_pb_divider][et_pb_text admin_label=&#8220;Text&#8220; background_layout=&#8220;dark&#8220; text_orientation=&#8220;center&#8220; use_border_color=&#8220;off&#8220; border_color=&#8220;#ffffff&#8220; border_style=&#8220;solid&#8220;]<\/p>\n<h1 style=\"font-size: 52px;\">Da\u0148ov\u00e9 poradenstv\u00ed a \u00fa\u010detnictv\u00ed<\/h1>\n<p>[\/et_pb_text][\/et_pb_column][\/et_pb_row][et_pb_row admin_label=&#8220;\u0158\u00e1dek&#8220; make_fullwidth=&#8220;off&#8220; use_custom_width=&#8220;off&#8220; width_unit=&#8220;on&#8220; use_custom_gutter=&#8220;off&#8220; padding_mobile=&#8220;off&#8220; allow_player_pause=&#8220;off&#8220; parallax=&#8220;off&#8220; parallax_method=&#8220;off&#8220; make_equal=&#8220;off&#8220; parallax_1=&#8220;off&#8220; parallax_method_1=&#8220;off&#8220; parallax_2=&#8220;off&#8220; parallax_method_2=&#8220;off&#8220; parallax_3=&#8220;off&#8220; parallax_method_3=&#8220;off&#8220; column_padding_mobile=&#8220;on&#8220; module_id=&#8220;sluzby&#8220;][et_pb_column type=&#8220;1_3&#8243;][et_pb_blurb admin_label=&#8220;Blurb&#8220; title=&#8220;Dan\u011b&#8220; url_new_window=&#8220;off&#8220; animation=&#8220;top&#8220; background_layout=&#8220;dark&#8220; text_orientation=&#8220;left&#8220; use_icon=&#8220;on&#8220; use_circle=&#8220;on&#8220; circle_color=&#8220;#0d2035&#8243; use_circle_border=&#8220;off&#8220; circle_border_color=&#8220;#2caaca&#8220; icon_placement=&#8220;top&#8220; font_icon=&#8220;%%288%%&#8220; icon_color=&#8220;#2ea3f2&#8243; use_icon_font_size=&#8220;off&#8220; use_border_color=&#8220;off&#8220; border_color=&#8220;#ffffff&#8220; border_style=&#8220;solid&#8220;]<\/p>\n<ul>\n<li>fyzick\u00e9\u00a0a pr\u00e1vnick\u00e9\u00a0osoby<\/li>\n<li>v\u00a0\u0159\u00e1dn\u00e9m\u00a0a prodlou\u017een\u00e9m term\u00ednu<\/li>\n<li>p\u0159ehledy pro soci\u00e1ln\u00ed a zdravotn\u00ed poji\u0161t\u011bn\u00ed<\/li>\n<li>rozvaha a v\u00fdkaz zisk\u016f a ztr\u00e1t<\/li>\n<li>p\u0159izn\u00e1n\u00ed k\u00a0dani z\u00a0p\u0159\u00edjm\u016f pr\u00e1vnick\u00fdch osob<\/li>\n<\/ul>\n<p>[\/et_pb_blurb][\/et_pb_column][et_pb_column type=&#8220;1_3&#8243;][et_pb_blurb admin_label=&#8220;Blurb&#8220; title=&#8220;\u00da\u010detnictv\u00ed&#8220; url_new_window=&#8220;off&#8220; animation=&#8220;top&#8220; background_layout=&#8220;dark&#8220; text_orientation=&#8220;left&#8220; use_icon=&#8220;on&#8220; use_circle=&#8220;on&#8220; circle_color=&#8220;#0d2035&#8243; use_circle_border=&#8220;off&#8220; circle_border_color=&#8220;#2caaca&#8220; icon_placement=&#8220;top&#8220; font_icon=&#8220;%%160%%&#8220; icon_color=&#8220;#2ad4e0&#8243; use_icon_font_size=&#8220;off&#8220; use_border_color=&#8220;off&#8220; border_color=&#8220;#ffffff&#8220; border_style=&#8220;solid&#8220;]<\/p>\n<ul class=\"sz\">\n<li>zpracov\u00e1n\u00ed p\u0159edlo\u017een\u00fdch doklad\u016f podle Z\u00e1kona o \u00fa\u010detnictv\u00ed<\/li>\n<li>veden\u00ed evidence DPH a p\u0159izn\u00e1n\u00ed k\u00a0DPH<\/li>\n<li>veden\u00ed \u00fa\u010detn\u00edho den\u00edku, hlavn\u00ed knihy, pokladny, knihy pohled\u00e1vek a z\u00e1vazk\u016f, majetku<\/li>\n<li>zpracov\u00e1n\u00ed \u00fa\u010detn\u00ed z\u00e1v\u011brky a v\u00fdkaz\u016f Rozvaha a V\u00fdkaz zisk\u016f a ztr\u00e1t<\/li>\n<li>zpracov\u00e1n\u00ed P\u0159izn\u00e1n\u00ed k\u00a0dani z\u00a0p\u0159\u00edjm\u016f pr\u00e1vnick\u00fdch osob<\/li>\n<\/ul>\n<p>[\/et_pb_blurb][\/et_pb_column][et_pb_column type=&#8220;1_3&#8243;][et_pb_blurb admin_label=&#8220;Blurb&#8220; title=&#8220;Da\u0148ov\u00e1 evidence&#8220; url_new_window=&#8220;off&#8220; animation=&#8220;top&#8220; background_layout=&#8220;dark&#8220; text_orientation=&#8220;left&#8220; use_icon=&#8220;on&#8220; icon_color=&#8220;#9633e8&#8243; use_circle=&#8220;on&#8220; circle_color=&#8220;#0d2035&#8243; use_circle_border=&#8220;off&#8220; circle_border_color=&#8220;#2caaca&#8220; icon_placement=&#8220;top&#8220; font_icon=&#8220;%%72%%&#8220; use_icon_font_size=&#8220;off&#8220; use_border_color=&#8220;off&#8220; border_color=&#8220;#ffffff&#8220; border_style=&#8220;solid&#8220;]<\/p>\n<ul class=\"sz\">\n<li>zpracov\u00e1n\u00ed p\u0159edlo\u017een\u00fdch doklad\u016f v\u00a0da\u0148ov\u00e9 evidenci<\/li>\n<li>veden\u00ed evidence DPH a P\u0159izn\u00e1n\u00ed k\u00a0DPH<\/li>\n<li>veden\u00ed knihy z\u00e1vazk\u016f, pohled\u00e1vek, pokladny, majetku<\/li>\n<li>zpracov\u00e1n\u00ed P\u0159izn\u00e1n\u00ed k\u00a0dani z\u00a0p\u0159\u00edjm\u016f fyzick\u00fdch osob v\u010detn\u011b P\u0159ehledu pro soci\u00e1ln\u00ed zabezpe\u010den\u00ed a zdravotn\u00ed poji\u0161t\u011bn\u00ed<\/li>\n<\/ul>\n<p>[\/et_pb_blurb][\/et_pb_column][\/et_pb_row][\/et_pb_section][et_pb_section admin_label=&#8220;section&#8220; fullwidth=&#8220;off&#8220; inner_shadow=&#8220;off&#8220; parallax=&#8220;off&#8220; module_id=&#8220;builder&#8220;][et_pb_row admin_label=&#8220;\u0158\u00e1dek&#8220;][et_pb_column type=&#8220;1_2&#8243;][et_pb_text admin_label=&#8220;Text&#8220; background_layout=&#8220;light&#8220; text_orientation=&#8220;left&#8220; use_border_color=&#8220;off&#8220; border_color=&#8220;#ffffff&#8220; border_style=&#8220;solid&#8220; text_line_height=&#8220;2em&#8220;]<\/p>\n<h1>O mn\u011b<\/h1>\n<p>Jako da\u0148ov\u00e1 poradkyn\u011b poskytuji <strong>konzultace pro klienty z oblasti v\u0161ech dan\u00ed<\/strong>, ekonomiky a \u00fa\u010detnictv\u00ed.\u00a0Tuto slu\u017ebu nab\u00edz\u00edm jako <strong>individu\u00e1ln\u00ed konzultace<\/strong> nebo v r\u00e1mci <strong>dlouhodob\u00e9 spolupr\u00e1ce<\/strong> s klientem.<br \/>\nV sou\u010dasn\u00e9 dob\u011b m\u00e1m velmi dobr\u00e9 <strong>praktick\u00e9 zku\u0161enosti<\/strong> s veden\u00edm \u00fa\u010detnictv\u00ed <strong>z oblasti obchod\u016f s elekt\u0159inou<\/strong>.<br \/>\nNa z\u00e1klad\u011b dohody <strong>zastupuji tak\u00e9 klienty<\/strong> p\u0159i jedn\u00e1n\u00ed s finan\u010dn\u00edmi \u00fa\u0159ady.<\/p>\n<p>P\u0159i pr\u00e1ci s osobn\u00edmi \u00fadaji klienta postupuji v souladu s na\u0159\u00edzen\u00edm Evropsk\u00e9ho parlamentu a Rady 2016\/679.<\/p>\n<p>[\/et_pb_text][\/et_pb_column][et_pb_column type=&#8220;1_2&#8243;][et_pb_post_slider admin_label=&#8220;Posuvn\u00edk p\u00f8\u00edsp\u00ecvk\u00f9&#8220; posts_number=&#8220;1&#8243; include_categories=&#8220;1&#8243; orderby=&#8220;date_desc&#8220; show_arrows=&#8220;off&#8220; show_pagination=&#8220;off&#8220; show_more_button=&#8220;off&#8220; content_source=&#8220;on&#8220; use_manual_excerpt=&#8220;on&#8220; show_meta=&#8220;off&#8220; background_layout=&#8220;dark&#8220; show_image=&#8220;on&#8220; image_placement=&#8220;background&#8220; parallax=&#8220;off&#8220; parallax_method=&#8220;off&#8220; use_bg_overlay=&#8220;on&#8220; use_text_overlay=&#8220;off&#8220; remove_inner_shadow=&#8220;off&#8220; background_position=&#8220;default&#8220; background_size=&#8220;default&#8220; auto=&#8220;off&#8220; auto_ignore_hover=&#8220;off&#8220; hide_content_on_mobile=&#8220;off&#8220; hide_cta_on_mobile=&#8220;off&#8220; show_image_video_mobile=&#8220;off&#8220; meta_letter_spacing=&#8220;0&#8243; custom_button=&#8220;off&#8220; button_letter_spacing=&#8220;0&#8243; button_use_icon=&#8220;default&#8220; button_icon_placement=&#8220;right&#8220; button_on_hover=&#8220;on&#8220; button_letter_spacing_hover=&#8220;0&#8243;]<\/p>\n<p>&nbsp;<\/p>\n<p>[\/et_pb_post_slider][\/et_pb_column][\/et_pb_row][\/et_pb_section][et_pb_section admin_label=&#8220;section&#8220; fullwidth=&#8220;on&#8220; specialty=&#8220;off&#8220; inner_shadow=&#8220;off&#8220; parallax=&#8220;on&#8220; module_id=&#8220;backgrounds&#8220; transparent_background=&#8220;off&#8220; allow_player_pause=&#8220;off&#8220; parallax_method=&#8220;off&#8220; padding_mobile=&#8220;off&#8220; make_fullwidth=&#8220;off&#8220; use_custom_width=&#8220;off&#8220; width_unit=&#8220;on&#8220; make_equal=&#8220;off&#8220; use_custom_gutter=&#8220;off&#8220;][et_pb_fullwidth_slider admin_label=&#8220;Fullwidth Slider&#8220; show_arrows=&#8220;on&#8220; show_pagination=&#8220;on&#8220; auto=&#8220;off&#8220; parallax=&#8220;off&#8220; auto_ignore_hover=&#8220;off&#8220; parallax_method=&#8220;off&#8220; remove_inner_shadow=&#8220;off&#8220; background_position=&#8220;default&#8220; background_size=&#8220;default&#8220; hide_content_on_mobile=&#8220;off&#8220; hide_cta_on_mobile=&#8220;off&#8220; show_image_video_mobile=&#8220;off&#8220; custom_button=&#8220;off&#8220; button_letter_spacing=&#8220;0&#8243; button_use_icon=&#8220;default&#8220; button_icon_placement=&#8220;right&#8220; button_on_hover=&#8220;on&#8220; button_letter_spacing_hover=&#8220;0&#8243;] [et_pb_slide heading=&#8220;V Komo\u0159e da\u0148ov\u00fdch poradc\u016f \u010cR jsem registrov\u00e1na pod ev. \u010d. 2296.&#8220; background_color=&#8220;#ffffff&#8220; alignment=&#8220;center&#8220; background_layout=&#8220;light&#8220; background_position=&#8220;default&#8220; background_size=&#8220;default&#8220; image=&#8220;http:\/\/dane-spirytova.cz\/wp-content\/uploads\/2016\/12\/unnamed-e1481462504544.jpg&#8220; use_bg_overlay=&#8220;off&#8220; use_text_overlay=&#8220;off&#8220; allow_player_pause=&#8220;off&#8220; text_border_radius=&#8220;3&#8243; header_font_select=&#8220;default&#8220; header_font=&#8220;||||&#8220; body_font_select=&#8220;default&#8220; body_font=&#8220;||||&#8220; custom_button=&#8220;off&#8220; button_font_select=&#8220;default&#8220; button_font=&#8220;||||&#8220; button_use_icon=&#8220;default&#8220; button_icon_placement=&#8220;right&#8220; button_on_hover=&#8220;on&#8220; button_link=&#8220;https:\/\/www.kdpcr.cz\/danovy-poradce\/ing-hana-spirytova&#8220; button_text=&#8220;P\u0159ej\u00edt na str\u00e1nky KDP&#8220;] [\/et_pb_slide] [\/et_pb_fullwidth_slider][\/et_pb_section][et_pb_section admin_label=&#8220;section&#8220; fullwidth=&#8220;off&#8220; specialty=&#8220;off&#8220; background_color=&#8220;#f6f6f6&#8243; inner_shadow=&#8220;off&#8220; parallax=&#8220;off&#8220; transparent_background=&#8220;off&#8220; allow_player_pause=&#8220;off&#8220; parallax_method=&#8220;off&#8220; padding_mobile=&#8220;off&#8220; make_fullwidth=&#8220;off&#8220; use_custom_width=&#8220;off&#8220; width_unit=&#8220;on&#8220; make_equal=&#8220;off&#8220; use_custom_gutter=&#8220;off&#8220; module_id=&#8220;kontakt&#8220;][et_pb_row admin_label=&#8220;\u0158\u00e1dek&#8220;][et_pb_column type=&#8220;1_3&#8243;][et_pb_text admin_label=&#8220;Text&#8220; background_layout=&#8220;light&#8220; text_orientation=&#8220;left&#8220; use_border_color=&#8220;off&#8220; border_color=&#8220;#ffffff&#8220; border_style=&#8220;solid&#8220; text_font_size=&#8220;15&#8243; text_line_height=&#8220;1.9em&#8220;]<\/p>\n<h1>Kontakt<\/h1>\n<p><strong>Ing. Hana \u0160pirytov\u00e1<\/strong><br \/>\nRyt\u00ed\u0159ova 810\/25, 143 00 Praha 4<\/p>\n<p>E-mail: <a href=\"mailto:mail@dane-spirytova.cz\">mail@dane-spirytova.cz\u00a0\u00a0\u00a0\u00a0 \u00a0 \u00a0 \u00a0 \u00a0 \u00a0 \u00a0 \u00a0 \u00a0 \u00a0 \u00a0 \u00a0 \u00a0 \u00a0 \u00a0 \u00a0 dane-spirytova@seznam.cz<\/a><\/p>\n<p>Mobil: 603 149 117<\/p>\n<p>I\u010c: 41285824<br \/>\nDatov\u00e1 schr\u00e1nka: 3eqe8ch<\/p>\n<p>[\/et_pb_text][\/et_pb_column][et_pb_column type=&#8220;2_3&#8243;][et_pb_contact_form admin_label=&#8220;Kontaktn\u00ed formul\u00e1\u0159&#8220; captcha=&#8220;on&#8220; email=&#8220;mail@dane-spirytova.cz&#8220; title=&#8220;Kontaktn\u00ed formul\u00e1\u0159&#8220; use_redirect=&#8220;off&#8220; input_border_radius=&#8220;0&#8243; use_border_color=&#8220;off&#8220; border_color=&#8220;#ffffff&#8220; border_style=&#8220;solid&#8220; custom_button=&#8220;off&#8220; button_letter_spacing=&#8220;0&#8243; button_use_icon=&#8220;default&#8220; button_icon_placement=&#8220;right&#8220; button_on_hover=&#8220;on&#8220; button_letter_spacing_hover=&#8220;0&#8243;] [et_pb_contact_field field_title=&#8220;Jm\u00e9no&#8220; field_type=&#8220;input&#8220; field_id=&#8220;Jm\u00e9no&#8220; required_mark=&#8220;on&#8220; fullwidth_field=&#8220;off&#8220; form_field_font_select=&#8220;default&#8220; form_field_font=&#8220;||||&#8220; use_border_color=&#8220;off&#8220; border_style=&#8220;solid&#8220;][\/et_pb_contact_field][et_pb_contact_field field_title=&#8220;E-mailov\u00e1 adresa&#8220; field_type=&#8220;email&#8220; field_id=&#8220;Email&#8220; required_mark=&#8220;on&#8220; fullwidth_field=&#8220;off&#8220; form_field_font_select=&#8220;default&#8220; form_field_font=&#8220;||||&#8220; use_border_color=&#8220;off&#8220; border_style=&#8220;solid&#8220;][\/et_pb_contact_field][et_pb_contact_field field_title=&#8220;Zpr\u00e1va&#8220; field_type=&#8220;text&#8220; field_id=&#8220;Zpr\u00e1va&#8220; required_mark=&#8220;on&#8220; fullwidth_field=&#8220;on&#8220; form_field_font_select=&#8220;default&#8220; form_field_font=&#8220;||||&#8220; use_border_color=&#8220;off&#8220; border_style=&#8220;solid&#8220;][\/et_pb_contact_field] [\/et_pb_contact_form][\/et_pb_column][\/et_pb_row][\/et_pb_section][et_pb_section admin_label=&#8220;Sekce&#8220; fullwidth=&#8220;on&#8220; specialty=&#8220;off&#8220;][et_pb_fullwidth_map admin_label=&#8220;Tu\u010dn\u00e9 mapy&#8220; address=&#8220;Ryt\u00ed\u0159ova 810\/25, Kam\u00fdk, 143 00 Praha-Praha 12, \u010cesk\u00e1 republika&#8220; zoom_level=&#8220;14&#8243; address_lat=&#8220;50.01440225021667&#8243; address_lng=&#8220;14.42062353879658&#8243; mouse_wheel=&#8220;on&#8220; mobile_dragging=&#8220;on&#8220;] [et_pb_map_pin title=&#8220;Kancel\u00e1\u0159&#8220; pin_address=&#8220;Ryt\u00ed\u0159ova 810\/25, Kam\u00fdk, 143 00 Praha-Praha 12, \u010cesk\u00e1 republika&#8220; pin_address_lat=&#8220;50.015001&#8243; pin_address_lng=&#8220;14.41970219999996&#8243;] [\/et_pb_map_pin] [\/et_pb_fullwidth_map][\/et_pb_section]<\/p>\n","protected":false},"excerpt":{"rendered":"<p>[et_pb_section admin_label=&#8220;section&#8220; background_color=&#8220;#132c47&#8243; inner_shadow=&#8220;off&#8220; parallax=&#8220;on&#8220;][et_pb_row admin_label=&#8220;row&#8220;][et_pb_column type=&#8220;4_4&#8243;][et_pb_divider admin_label=&#8220;Divider&#8220; color=&#8220;#ffffff&#8220; show_divider=&#8220;off&#8220; height=&#8220;60&#8243;] &nbsp; [\/et_pb_divider][et_pb_text admin_label=&#8220;Text&#8220; background_layout=&#8220;dark&#8220; text_orientation=&#8220;center&#8220; use_border_color=&#8220;off&#8220; border_color=&#8220;#ffffff&#8220; border_style=&#8220;solid&#8220;] Da\u0148ov\u00e9 poradenstv\u00ed a \u00fa\u010detnictv\u00ed [\/et_pb_text][\/et_pb_column][\/et_pb_row][et_pb_row admin_label=&#8220;\u0158\u00e1dek&#8220; make_fullwidth=&#8220;off&#8220; use_custom_width=&#8220;off&#8220; width_unit=&#8220;on&#8220; use_custom_gutter=&#8220;off&#8220; padding_mobile=&#8220;off&#8220; allow_player_pause=&#8220;off&#8220; parallax=&#8220;off&#8220; parallax_method=&#8220;off&#8220; make_equal=&#8220;off&#8220; parallax_1=&#8220;off&#8220; parallax_method_1=&#8220;off&#8220; parallax_2=&#8220;off&#8220; parallax_method_2=&#8220;off&#8220; parallax_3=&#8220;off&#8220; parallax_method_3=&#8220;off&#8220; column_padding_mobile=&#8220;on&#8220; module_id=&#8220;sluzby&#8220;][et_pb_column type=&#8220;1_3&#8243;][et_pb_blurb admin_label=&#8220;Blurb&#8220; title=&#8220;Dan\u011b&#8220; url_new_window=&#8220;off&#8220; animation=&#8220;top&#8220; background_layout=&#8220;dark&#8220; text_orientation=&#8220;left&#8220; use_icon=&#8220;on&#8220; use_circle=&#8220;on&#8220; circle_color=&#8220;#0d2035&#8243; use_circle_border=&#8220;off&#8220; circle_border_color=&#8220;#2caaca&#8220; icon_placement=&#8220;top&#8220; [&hellip;]<\/p>\n","protected":false},"author":1,"featured_media":0,"parent":0,"menu_order":0,"comment_status":"closed","ping_status":"closed","template":"","meta":{"footnotes":""},"class_list":["post-36","page","type-page","status-publish","hentry"],"_links":{"self":[{"href":"https:\/\/dane-spirytova.cz\/index.php\/wp-json\/wp\/v2\/pages\/36","targetHints":{"allow":["GET"]}}],"collection":[{"href":"https:\/\/dane-spirytova.cz\/index.php\/wp-json\/wp\/v2\/pages"}],"about":[{"href":"https:\/\/dane-spirytova.cz\/index.php\/wp-json\/wp\/v2\/types\/page"}],"author":[{"embeddable":true,"href":"https:\/\/dane-spirytova.cz\/index.php\/wp-json\/wp\/v2\/users\/1"}],"replies":[{"embeddable":true,"href":"https:\/\/dane-spirytova.cz\/index.php\/wp-json\/wp\/v2\/comments?post=36"}],"version-history":[{"count":54,"href":"https:\/\/dane-spirytova.cz\/index.php\/wp-json\/wp\/v2\/pages\/36\/revisions"}],"predecessor-version":[{"id":214,"href":"https:\/\/dane-spirytova.cz\/index.php\/wp-json\/wp\/v2\/pages\/36\/revisions\/214"}],"wp:attachment":[{"href":"https:\/\/dane-spirytova.cz\/index.php\/wp-json\/wp\/v2\/media?parent=36"}],"curies":[{"name":"wp","href":"https:\/\/api.w.org\/{rel}","templated":true}]}}